{"id":3,"date":"2024-06-26T21:44:06","date_gmt":"2024-06-26T21:44:06","guid":{"rendered":"https:\/\/secteur-public-sector.ca\/?page_id=3"},"modified":"2024-08-20T01:32:21","modified_gmt":"2024-08-20T01:32:21","slug":"politique-de-confidentialite","status":"publish","type":"page","link":"https:\/\/secteur-public-sector.ca\/fr\/politique-de-confidentialite\/","title":{"rendered":"politique de confidentialit\u00e9"},"content":{"rendered":"<h2 class=\"wp-block-heading\">Qui sommes-nous?<\/h2>\n\n\n\n<p><strong class=\"privacy-policy-tutorial\">Texte sugg\u00e9r\u00e9 : <\/strong>L&#039;adresse de notre site Web est : https:\/\/secteur-public-sector.ca.<\/p>\n\n\n\n<h2 class=\"wp-block-heading\" id=\"newsletter\">Politique de newsletter<\/h2>\n\n\n\n<p>Veuillez noter que vos informations personnelles ne seront pas vendues, \u00e9chang\u00e9es ou transf\u00e9r\u00e9es de quelque mani\u00e8re que ce soit \u00e0 des tiers.<\/p>\n\n\n\n<p>Toutes les donn\u00e9es recueillies par le biais de notre bulletin d&#039;information sont destin\u00e9es \u00e0 des fins li\u00e9es \u00e0 la Chaire Jarislowsky en gestion du secteur public uniquement et sont r\u00e9gies par la Loi sur la protection des renseignements personnels et les documents \u00e9lectroniques (Canada). Pour plus d&#039;informations, veuillez consulter la politique de confidentialit\u00e9 qui se trouve au bas de cette page d&#039;inscription.<\/p>\n\n\n\n<p>Si vous \u00e9prouvez des difficult\u00e9s lors de votre inscription, veuillez communiquer avec Sandamali Sutton, agente de liaison et de communication de la Chaire Jarislowsky en gestion du secteur public, pour obtenir de l&#039;aide. T\u00e9l\u00e9phone : 613-562-5689 | Courriel : szbyszew@uottawa.ca.<\/p>\n\n\n\n<h2 class=\"wp-block-heading\">commentaires<\/h2>\n\n\n\n<p>Lorsque les visiteurs laissent des commentaires sur le site, nous collectons les donn\u00e9es affich\u00e9es dans le formulaire de commentaires, ainsi que l&#039;adresse IP du visiteur et la cha\u00eene de l&#039;agent utilisateur du navigateur pour aider \u00e0 la d\u00e9tection du spam.<\/p>\n\n\n\n<p>Une cha\u00eene anonymis\u00e9e cr\u00e9\u00e9e \u00e0 partir de votre adresse e-mail (\u00e9galement appel\u00e9e hash) peut \u00eatre envoy\u00e9e au service Gravatar pour v\u00e9rifier si vous l&#039;utilisez. La politique de confidentialit\u00e9 du service Gravatar est disponible ici : https:\/\/automattic.com\/privacy\/. Apr\u00e8s approbation de votre commentaire, votre photo de profil sera visible publiquement \u00e0 cot\u00e9 de votre commentaire.<\/p>\n\n\n\n<h2 class=\"wp-block-heading\">Cookies<\/h2>\n\n\n\n<p>Si vous d\u00e9posez un commentaire sur notre site, il vous sera propos\u00e9 d&#039;enregistrer votre nom, votre adresse e-mail et votre site web dans des cookies. Ces cookies sont uniquement destin\u00e9s \u00e0 votre confort afin de ne pas avoir \u00e0 saisir \u00e0 nouveau ces informations si vous d\u00e9posez un autre commentaire. Ces cookies expirent au bout d&#039;un an.<\/p>\n\n\n\n<p>Si vous visitez notre page de connexion, nous installerons un cookie temporaire afin de d\u00e9terminer si votre navigateur accepte les cookies. Ce cookie ne contient aucune donn\u00e9e personnelle et sera supprim\u00e9 lorsque vous fermerez votre navigateur.<\/p>\n\n\n\n<p>Lorsque vous vous connectez, nous mettons en place un certain nombre de cookies pour enregistrer vos informations de connexion et vos pr\u00e9f\u00e9rences d\u2019affichage \u00e0 l\u2019\u00e9cran. La dur\u00e9e de vie d\u2019un cookie de connexion est de deux jours, celle d\u2019un cookie d\u2019option d\u2019affichage est d\u2019un an. Si vous cochez \u00ab Se souvenir de moi \u00bb, votre cookie de connexion sera conserv\u00e9 pendant deux semaines. Si vous vous d\u00e9connectez de votre compte, le cookie de connexion sera supprim\u00e9.<\/p>\n\n\n\n<p>Si vous modifiez ou publiez un article, un cookie suppl\u00e9mentaire sera enregistr\u00e9 dans votre navigateur. Ce cookie ne contient aucune donn\u00e9e personnelle et indique simplement l&#039;identifiant de l&#039;article que vous venez de modifier. Il expire au bout d&#039;un jour.<\/p>\n\n\n\n<h2 class=\"wp-block-heading\">Contenu int\u00e9gr\u00e9 provenant d&#039;autres sites Web<\/h2>\n\n\n\n<p>Les articles de ce site peuvent inclure du contenu int\u00e9gr\u00e9 (par exemple des vid\u00e9os, des images, des articles, etc.). Le contenu int\u00e9gr\u00e9 provenant d&#039;autres sites Web se comporte exactement de la m\u00eame mani\u00e8re que si le visiteur avait visit\u00e9 cet autre site Web.<\/p>\n\n\n\n<p>Ces sites Web peuvent collecter des donn\u00e9es sur vous, utiliser des cookies, int\u00e9grer un suivi tiers suppl\u00e9mentaire et surveiller votre interaction avec ce contenu int\u00e9gr\u00e9, y compris le suivi de votre interaction avec le contenu int\u00e9gr\u00e9 si vous avez un compte et \u00eates connect\u00e9 \u00e0 ce site Web.<\/p>\n\n\n\n<h2 class=\"wp-block-heading\">Avec qui partageons-nous vos donn\u00e9es ?<\/h2>\n\n\n\n<p>Si vous demandez une r\u00e9initialisation de mot de passe, votre adresse IP sera incluse dans l&#039;e-mail de r\u00e9initialisation.<\/p>\n\n\n\n<h2 class=\"wp-block-heading\">Combien de temps conservons-nous vos donn\u00e9es ?<\/h2>\n\n\n\n<p>Si vous laissez un commentaire, le commentaire et ses m\u00e9tadonn\u00e9es sont conserv\u00e9s ind\u00e9finiment. Cela nous permet de reconna\u00eetre et d&#039;approuver automatiquement les commentaires suivants au lieu de les laisser dans une file d&#039;attente de mod\u00e9ration.<\/p>\n\n\n\n<p>Pour les utilisateurs qui s&#039;inscrivent sur notre site Web (le cas \u00e9ch\u00e9ant), nous stockons \u00e9galement les informations personnelles qu&#039;ils fournissent dans leur profil d&#039;utilisateur. Tous les utilisateurs peuvent voir, modifier ou supprimer leurs informations personnelles \u00e0 tout moment (\u00e0 l&#039;exception de leur nom d&#039;utilisateur). Les administrateurs du site Web peuvent \u00e9galement voir et modifier ces informations.<\/p>\n\n\n\n<h2 class=\"wp-block-heading\">Quels droits avez-vous sur vos donn\u00e9es<\/h2>\n\n\n\n<p>Si vous avez un compte ou si vous avez laiss\u00e9 des commentaires sur le site, vous pouvez demander \u00e0 recevoir un fichier contenant toutes les donn\u00e9es personnelles que nous poss\u00e9dons \u00e0 votre sujet, incluant celles que vous nous avez fournies. Vous pouvez \u00e9galement demander la suppression des donn\u00e9es personnelles vous concernant. Cela ne prend pas en compte les donn\u00e9es stock\u00e9es \u00e0 des fins administratives, l\u00e9gales ou de s\u00e9curit\u00e9.<\/p>\n\n\n\n<h2 class=\"wp-block-heading\">O\u00f9 vos donn\u00e9es sont envoy\u00e9es<\/h2>\n\n\n\n<p>Les commentaires des visiteurs peuvent \u00eatre v\u00e9rifi\u00e9s via un service automatis\u00e9 de d\u00e9tection de spam.<\/p>","protected":false},"excerpt":{"rendered":"<p>Who we are Suggested text: Our website address is: https:\/\/secteur-public-sector.ca. Newsletter policy Please note that your personal information will not be sold, traded, or otherwise transferred to outside parties. All data collected through our newsletter is for purposes related to the Jarislowsky Chair in Public Sector Management only and is regulated by the Personal Information [&hellip;]<\/p>\n","protected":false},"author":1,"featured_media":1071,"parent":0,"menu_order":0,"comment_status":"closed","ping_status":"open","template":"","meta":{"_acf_changed":false,"nf_dc_page":"","footnotes":"","_links_to":"","_links_to_target":""},"class_list":["post-3","page","type-page","status-publish","has-post-thumbnail","hentry"],"acf":[],"yoast_head":"<!-- This site is optimized with the Yoast SEO plugin v27.4 - https:\/\/yoast.com\/product\/yoast-seo-wordpress\/ -->\n<title>Privacy Policy - Jarislowsky Chair in Public Sector Management<\/title>\n<meta name=\"robots\" content=\"index, follow, max-snippet:-1, max-image-preview:large, max-video-preview:-1\" \/>\n<link rel=\"canonical\" href=\"http:\/\/secteur-public-sector.ca\/fr\/politique-de-confidentialite\/\" \/>\n<meta property=\"og:locale\" content=\"fr_CA\" \/>\n<meta property=\"og:type\" content=\"article\" \/>\n<meta property=\"og:title\" content=\"Privacy Policy - Jarislowsky Chair in Public Sector Management\" \/>\n<meta property=\"og:description\" content=\"Who we are Suggested text: Our website address is: https:\/\/secteur-public-sector.ca. Newsletter policy Please note that your personal information will not be sold, traded, or otherwise transferred to outside parties. All data collected through our newsletter is for purposes related to the Jarislowsky Chair in Public Sector Management only and is regulated by the Personal Information [&hellip;]\" \/>\n<meta property=\"og:url\" content=\"http:\/\/secteur-public-sector.ca\/fr\/politique-de-confidentialite\/\" \/>\n<meta property=\"og:site_name\" content=\"Jarislowsky Chair in Public Sector Management\" \/>\n<meta property=\"article:modified_time\" content=\"2024-08-20T01:32:21+00:00\" \/>\n<meta property=\"og:image\" content=\"https:\/\/secteur-public-sector.ca\/wp-content\/uploads\/2024\/08\/aerial-view-no-border-e1724198694762.png\" \/>\n\t<meta property=\"og:image:width\" content=\"1080\" \/>\n\t<meta property=\"og:image:height\" content=\"541\" \/>\n\t<meta property=\"og:image:type\" content=\"image\/png\" \/>\n<meta name=\"twitter:card\" content=\"summary_large_image\" \/>\n<meta name=\"twitter:label1\" content=\"Estimation du temps de lecture\" \/>\n\t<meta name=\"twitter:data1\" content=\"3 minutes\" \/>\n<script type=\"application\/ld+json\" class=\"yoast-schema-graph\">{\"@context\":\"https:\\\/\\\/schema.org\",\"@graph\":[{\"@type\":\"WebPage\",\"@id\":\"http:\\\/\\\/secteur-public-sector.ca\\\/en\\\/privacy-policy\\\/\",\"url\":\"http:\\\/\\\/secteur-public-sector.ca\\\/en\\\/privacy-policy\\\/\",\"name\":\"Privacy Policy - Jarislowsky Chair in Public Sector Management\",\"isPartOf\":{\"@id\":\"https:\\\/\\\/secteur-public-sector.ca\\\/en\\\/#website\"},\"primaryImageOfPage\":{\"@id\":\"http:\\\/\\\/secteur-public-sector.ca\\\/en\\\/privacy-policy\\\/#primaryimage\"},\"image\":{\"@id\":\"http:\\\/\\\/secteur-public-sector.ca\\\/en\\\/privacy-policy\\\/#primaryimage\"},\"thumbnailUrl\":\"https:\\\/\\\/secteur-public-sector.ca\\\/wp-content\\\/uploads\\\/2024\\\/08\\\/aerial-view-no-border-e1724198694762.png\",\"datePublished\":\"2024-06-26T21:44:06+00:00\",\"dateModified\":\"2024-08-20T01:32:21+00:00\",\"breadcrumb\":{\"@id\":\"http:\\\/\\\/secteur-public-sector.ca\\\/en\\\/privacy-policy\\\/#breadcrumb\"},\"inLanguage\":\"fr-CA\",\"potentialAction\":[{\"@type\":\"ReadAction\",\"target\":[\"http:\\\/\\\/secteur-public-sector.ca\\\/en\\\/privacy-policy\\\/\"]}]},{\"@type\":\"ImageObject\",\"inLanguage\":\"fr-CA\",\"@id\":\"http:\\\/\\\/secteur-public-sector.ca\\\/en\\\/privacy-policy\\\/#primaryimage\",\"url\":\"https:\\\/\\\/secteur-public-sector.ca\\\/wp-content\\\/uploads\\\/2024\\\/08\\\/aerial-view-no-border-e1724198694762.png\",\"contentUrl\":\"https:\\\/\\\/secteur-public-sector.ca\\\/wp-content\\\/uploads\\\/2024\\\/08\\\/aerial-view-no-border-e1724198694762.png\",\"width\":1080,\"height\":541,\"caption\":\"Jarislowsky Chair in Public Sector Management\"},{\"@type\":\"BreadcrumbList\",\"@id\":\"http:\\\/\\\/secteur-public-sector.ca\\\/en\\\/privacy-policy\\\/#breadcrumb\",\"itemListElement\":[{\"@type\":\"ListItem\",\"position\":1,\"name\":\"Home\",\"item\":\"https:\\\/\\\/secteur-public-sector.ca\\\/\"},{\"@type\":\"ListItem\",\"position\":2,\"name\":\"Privacy Policy\"}]},{\"@type\":\"WebSite\",\"@id\":\"https:\\\/\\\/secteur-public-sector.ca\\\/en\\\/#website\",\"url\":\"https:\\\/\\\/secteur-public-sector.ca\\\/en\\\/\",\"name\":\"Jarislowsky Chair in Public Sector Management\",\"description\":\"\",\"potentialAction\":[{\"@type\":\"SearchAction\",\"target\":{\"@type\":\"EntryPoint\",\"urlTemplate\":\"https:\\\/\\\/secteur-public-sector.ca\\\/en\\\/?s={search_term_string}\"},\"query-input\":{\"@type\":\"PropertyValueSpecification\",\"valueRequired\":true,\"valueName\":\"search_term_string\"}}],\"inLanguage\":\"fr-CA\"}]}<\/script>\n<!-- \/ Yoast SEO plugin. -->","yoast_head_json":{"title":"Politique de confidentialit\u00e9 - Chaire Jarislowsky en gestion du secteur public","robots":{"index":"index","follow":"follow","max-snippet":"max-snippet:-1","max-image-preview":"max-image-preview:large","max-video-preview":"max-video-preview:-1"},"canonical":"http:\/\/secteur-public-sector.ca\/fr\/politique-de-confidentialite\/","og_locale":"fr_CA","og_type":"article","og_title":"Privacy Policy - Jarislowsky Chair in Public Sector Management","og_description":"Who we are Suggested text: Our website address is: https:\/\/secteur-public-sector.ca. Newsletter policy Please note that your personal information will not be sold, traded, or otherwise transferred to outside parties. All data collected through our newsletter is for purposes related to the Jarislowsky Chair in Public Sector Management only and is regulated by the Personal Information [&hellip;]","og_url":"http:\/\/secteur-public-sector.ca\/fr\/politique-de-confidentialite\/","og_site_name":"Jarislowsky Chair in Public Sector Management","article_modified_time":"2024-08-20T01:32:21+00:00","og_image":[{"width":1080,"height":541,"url":"https:\/\/secteur-public-sector.ca\/wp-content\/uploads\/2024\/08\/aerial-view-no-border-e1724198694762.png","type":"image\/png"}],"twitter_card":"summary_large_image","twitter_misc":{"Estimation du temps de lecture":"3 minutes"},"schema":{"@context":"https:\/\/schema.org","@graph":[{"@type":"WebPage","@id":"http:\/\/secteur-public-sector.ca\/en\/privacy-policy\/","url":"http:\/\/secteur-public-sector.ca\/en\/privacy-policy\/","name":"Politique de confidentialit\u00e9 - Chaire Jarislowsky en gestion du secteur public","isPartOf":{"@id":"https:\/\/secteur-public-sector.ca\/en\/#website"},"primaryImageOfPage":{"@id":"http:\/\/secteur-public-sector.ca\/en\/privacy-policy\/#primaryimage"},"image":{"@id":"http:\/\/secteur-public-sector.ca\/en\/privacy-policy\/#primaryimage"},"thumbnailUrl":"https:\/\/secteur-public-sector.ca\/wp-content\/uploads\/2024\/08\/aerial-view-no-border-e1724198694762.png","datePublished":"2024-06-26T21:44:06+00:00","dateModified":"2024-08-20T01:32:21+00:00","breadcrumb":{"@id":"http:\/\/secteur-public-sector.ca\/en\/privacy-policy\/#breadcrumb"},"inLanguage":"fr-CA","potentialAction":[{"@type":"ReadAction","target":["http:\/\/secteur-public-sector.ca\/en\/privacy-policy\/"]}]},{"@type":"ImageObject","inLanguage":"fr-CA","@id":"http:\/\/secteur-public-sector.ca\/en\/privacy-policy\/#primaryimage","url":"https:\/\/secteur-public-sector.ca\/wp-content\/uploads\/2024\/08\/aerial-view-no-border-e1724198694762.png","contentUrl":"https:\/\/secteur-public-sector.ca\/wp-content\/uploads\/2024\/08\/aerial-view-no-border-e1724198694762.png","width":1080,"height":541,"caption":"Jarislowsky Chair in Public Sector Management"},{"@type":"BreadcrumbList","@id":"http:\/\/secteur-public-sector.ca\/en\/privacy-policy\/#breadcrumb","itemListElement":[{"@type":"ListItem","position":1,"name":"Home","item":"https:\/\/secteur-public-sector.ca\/"},{"@type":"ListItem","position":2,"name":"Privacy Policy"}]},{"@type":"WebSite","@id":"https:\/\/secteur-public-sector.ca\/en\/#website","url":"https:\/\/secteur-public-sector.ca\/en\/","name":"Chaire Jarislowsky en Gestion du Secteur Public","description":"","potentialAction":[{"@type":"SearchAction","target":{"@type":"EntryPoint","urlTemplate":"https:\/\/secteur-public-sector.ca\/en\/?s={search_term_string}"},"query-input":{"@type":"PropertyValueSpecification","valueRequired":true,"valueName":"search_term_string"}}],"inLanguage":"fr-CA"}]}},"_links":{"self":[{"href":"https:\/\/secteur-public-sector.ca\/fr\/wp-json\/wp\/v2\/pages\/3","targetHints":{"allow":["GET"]}}],"collection":[{"href":"https:\/\/secteur-public-sector.ca\/fr\/wp-json\/wp\/v2\/pages"}],"about":[{"href":"https:\/\/secteur-public-sector.ca\/fr\/wp-json\/wp\/v2\/types\/page"}],"author":[{"embeddable":true,"href":"https:\/\/secteur-public-sector.ca\/fr\/wp-json\/wp\/v2\/users\/1"}],"replies":[{"embeddable":true,"href":"https:\/\/secteur-public-sector.ca\/fr\/wp-json\/wp\/v2\/comments?post=3"}],"version-history":[{"count":1,"href":"https:\/\/secteur-public-sector.ca\/fr\/wp-json\/wp\/v2\/pages\/3\/revisions"}],"predecessor-version":[{"id":1496,"href":"https:\/\/secteur-public-sector.ca\/fr\/wp-json\/wp\/v2\/pages\/3\/revisions\/1496"}],"wp:featuredmedia":[{"embeddable":true,"href":"https:\/\/secteur-public-sector.ca\/fr\/wp-json\/wp\/v2\/media\/1071"}],"wp:attachment":[{"href":"https:\/\/secteur-public-sector.ca\/fr\/wp-json\/wp\/v2\/media?parent=3"}],"curies":[{"name":"wp","href":"https:\/\/api.w.org\/{rel}","templated":true}]}}